{"id":7596,"date":"2022-01-31T04:48:45","date_gmt":"2022-01-31T02:48:45","guid":{"rendered":"https:\/\/dev.in-ua.top\/culturi\/"},"modified":"2025-11-03T21:41:59","modified_gmt":"2025-11-03T19:41:59","slug":"culturi","status":"publish","type":"page","link":"https:\/\/dev.in-ua.top\/ro\/culturi\/","title":{"rendered":"Culturi"},"content":{"rendered":"\t\t<div data-elementor-type=\"wp-page\" data-elementor-id=\"7596\" class=\"elementor elementor-7596 elementor-1687\" data-elementor-post-type=\"page\">\n\t\t\t\t\t\t<section class=\"elementor-section elementor-top-section elementor-element elementor-element-5307d03 elementor-section-boxed elementor-section-height-default elementor-section-height-default\" data-id=\"5307d03\" data-element_type=\"section\" data-settings=\"{&quot;background_background&quot;:&quot;classic&quot;,&quot;jet_parallax_layout_list&quot;:[]}\">\n\t\t\t\t\t\t\t<div class=\"elementor-background-overlay\"><\/div>\n\t\t\t\t\t\t\t<div class=\"elementor-container elementor-column-gap-no\">\n\t\t\t\t\t<div class=\"elementor-column elementor-col-100 elementor-top-column elementor-element elementor-element-3bf8c9c\" data-id=\"3bf8c9c\" data-element_type=\"column\">\n\t\t\t<div class=\"elementor-widget-wrap elementor-element-populated\">\n\t\t\t\t\t\t\t<\/div>\n\t\t<\/div>\n\t\t\t\t\t<\/div>\n\t\t<\/section>\n\t\t\t\t<section class=\"elementor-section elementor-top-section elementor-element elementor-element-52fc31c elementor-section-boxed elementor-section-height-default elementor-section-height-default\" data-id=\"52fc31c\" data-element_type=\"section\" data-settings=\"{&quot;jet_parallax_layout_list&quot;:[]}\">\n\t\t\t\t\t\t<div class=\"elementor-container elementor-column-gap-default\">\n\t\t\t\t\t<div class=\"elementor-column elementor-col-25 elementor-top-column elementor-element elementor-element-cd019c5\" data-id=\"cd019c5\" data-element_type=\"column\">\n\t\t\t<div class=\"elementor-widget-wrap elementor-element-populated\">\n\t\t\t\t\t\t<div class=\"elementor-element elementor-element-0ba3ff2 elementor-widget elementor-widget-jet-banner\" data-id=\"0ba3ff2\" data-element_type=\"widget\" data-widget_type=\"jet-banner.default\">\n\t\t\t\t<div class=\"elementor-widget-container\">\n\t\t\t\t\t<div class=\"elementor-jet-banner jet-elements\"><figure class=\"jet-banner jet-effect-sarah\"><a href=\"https:\/\/dev.in-ua.top\/kultury\/zernovi-kultury\/\" class=\"jet-banner__link\"><div class=\"jet-banner__overlay\"><\/div><img decoding=\"async\" src=\"https:\/\/dev.in-ua.top\/wp-content\/uploads\/zernovi-kultury.jpg\" alt=\"\u0417\u0435\u0440\u043d\u043e\u0432\u0456 \u043a\u0443\u043b\u044c\u0442\u0443\u0440\u0438\" width=\"100%\" height=\"100%\" class=\"jet-banner__img\"><figcaption class=\"jet-banner__content\"><div class=\"jet-banner__content-wrap\"><h5 class=\"jet-banner__title\">Culturi de cereale<\/h5><div class=\"jet-banner__text\">Recenzie<\/div><\/div><\/figcaption><\/a><\/figure>\n<\/div>\t\t\t\t<\/div>\n\t\t\t\t<\/div>\n\t\t\t\t<div class=\"elementor-element elementor-element-166eb1a elementor-widget elementor-widget-jet-banner\" data-id=\"166eb1a\" data-element_type=\"widget\" data-widget_type=\"jet-banner.default\">\n\t\t\t\t<div class=\"elementor-widget-container\">\n\t\t\t\t\t<div class=\"elementor-jet-banner jet-elements\"><figure class=\"jet-banner jet-effect-sarah\"><a href=\"https:\/\/dev.in-ua.top\/kultury\/soya-i-zernobobovi\/\" class=\"jet-banner__link\"><div class=\"jet-banner__overlay\"><\/div><img decoding=\"async\" src=\"https:\/\/dev.in-ua.top\/wp-content\/uploads\/soya.jpg\" alt=\"\u0421\u043e\u044f\" width=\"100%\" height=\"100%\" class=\"jet-banner__img\"><figcaption class=\"jet-banner__content\"><div class=\"jet-banner__content-wrap\"><h5 class=\"jet-banner__title\">Soia \u0219i leguminoase<\/h5><div class=\"jet-banner__text\">Recenzie<\/div><\/div><\/figcaption><\/a><\/figure>\n<\/div>\t\t\t\t<\/div>\n\t\t\t\t<\/div>\n\t\t\t\t<div class=\"elementor-element elementor-element-0b89602 elementor-widget elementor-widget-jet-banner\" data-id=\"0b89602\" data-element_type=\"widget\" data-widget_type=\"jet-banner.default\">\n\t\t\t\t<div class=\"elementor-widget-container\">\n\t\t\t\t\t<div class=\"elementor-jet-banner jet-elements\"><figure class=\"jet-banner jet-effect-sarah\"><a href=\"https:\/\/dev.in-ua.top\/kultury\/vinograd\/\" class=\"jet-banner__link\"><div class=\"jet-banner__overlay\"><\/div><img decoding=\"async\" src=\"https:\/\/dev.in-ua.top\/wp-content\/uploads\/vynograd.jpg\" alt=\"\u0412\u0438\u043d\u043e\u0433\u0440\u0430\u0434\" width=\"100%\" height=\"100%\" class=\"jet-banner__img\"><figcaption class=\"jet-banner__content\"><div class=\"jet-banner__content-wrap\"><h5 class=\"jet-banner__title\">Struguri<\/h5><div class=\"jet-banner__text\">Recenzie<\/div><\/div><\/figcaption><\/a><\/figure>\n<\/div>\t\t\t\t<\/div>\n\t\t\t\t<\/div>\n\t\t\t\t\t<\/div>\n\t\t<\/div>\n\t\t\t\t<div class=\"elementor-column elementor-col-25 elementor-top-column elementor-element elementor-element-c7d1fdb\" data-id=\"c7d1fdb\" data-element_type=\"column\">\n\t\t\t<div class=\"elementor-widget-wrap elementor-element-populated\">\n\t\t\t\t\t\t<div class=\"elementor-element elementor-element-3f6ce7e elementor-widget elementor-widget-jet-banner\" data-id=\"3f6ce7e\" data-element_type=\"widget\" data-widget_type=\"jet-banner.default\">\n\t\t\t\t<div class=\"elementor-widget-container\">\n\t\t\t\t\t<div class=\"elementor-jet-banner jet-elements\"><figure class=\"jet-banner jet-effect-sarah\"><a href=\"https:\/\/dev.in-ua.top\/kultury\/ozymyj-ripak\/\" class=\"jet-banner__link\"><div class=\"jet-banner__overlay\"><\/div><img decoding=\"async\" src=\"https:\/\/dev.in-ua.top\/wp-content\/uploads\/ripak-1.jpg\" alt=\"\u0420\u0456\u043f\u0430\u043a\" width=\"100%\" height=\"100%\" class=\"jet-banner__img\"><figcaption class=\"jet-banner__content\"><div class=\"jet-banner__content-wrap\"><h5 class=\"jet-banner__title\">Rapi\u021b\u0103 de iarn\u0103<\/h5><div class=\"jet-banner__text\">Recenzie<\/div><\/div><\/figcaption><\/a><\/figure>\n<\/div>\t\t\t\t<\/div>\n\t\t\t\t<\/div>\n\t\t\t\t<div class=\"elementor-element elementor-element-bf5fc48 elementor-widget elementor-widget-jet-banner\" data-id=\"bf5fc48\" data-element_type=\"widget\" data-widget_type=\"jet-banner.default\">\n\t\t\t\t<div class=\"elementor-widget-container\">\n\t\t\t\t\t<div class=\"elementor-jet-banner jet-elements\"><figure class=\"jet-banner jet-effect-sarah\"><a href=\"https:\/\/dev.in-ua.top\/kultury\/sonyashnyk\/\" class=\"jet-banner__link\"><div class=\"jet-banner__overlay\"><\/div><img decoding=\"async\" src=\"https:\/\/dev.in-ua.top\/wp-content\/uploads\/sonyashnyk.jpg\" alt=\"\u0421\u043e\u043d\u044f\u0448\u043d\u0438\u043a\" width=\"100%\" height=\"100%\" class=\"jet-banner__img\"><figcaption class=\"jet-banner__content\"><div class=\"jet-banner__content-wrap\"><h5 class=\"jet-banner__title\">Floarea-soarelui<\/h5><div class=\"jet-banner__text\">Recenzie<\/div><\/div><\/figcaption><\/a><\/figure>\n<\/div>\t\t\t\t<\/div>\n\t\t\t\t<\/div>\n\t\t\t\t<div class=\"elementor-element elementor-element-e998b2d elementor-widget elementor-widget-jet-banner\" data-id=\"e998b2d\" data-element_type=\"widget\" data-widget_type=\"jet-banner.default\">\n\t\t\t\t<div class=\"elementor-widget-container\">\n\t\t\t\t\t<div class=\"elementor-jet-banner jet-elements\"><figure class=\"jet-banner jet-effect-sarah\"><a href=\"https:\/\/dev.in-ua.top\/kultury\/yablunya\/\" class=\"jet-banner__link\"><div class=\"jet-banner__overlay\"><\/div><img decoding=\"async\" src=\"https:\/\/dev.in-ua.top\/wp-content\/uploads\/yablunya.jpg\" alt=\"\u042f\u0431\u043b\u0443\u043d\u044f\" width=\"100%\" height=\"100%\" class=\"jet-banner__img\"><figcaption class=\"jet-banner__content\"><div class=\"jet-banner__content-wrap\"><h5 class=\"jet-banner__title\">M\u0103r<\/h5><div class=\"jet-banner__text\">Recenzie<\/div><\/div><\/figcaption><\/a><\/figure>\n<\/div>\t\t\t\t<\/div>\n\t\t\t\t<\/div>\n\t\t\t\t\t<\/div>\n\t\t<\/div>\n\t\t\t\t<div class=\"elementor-column elementor-col-25 elementor-top-column elementor-element elementor-element-d20cf90\" data-id=\"d20cf90\" data-element_type=\"column\">\n\t\t\t<div class=\"elementor-widget-wrap elementor-element-populated\">\n\t\t\t\t\t\t<div class=\"elementor-element elementor-element-f409759 elementor-widget elementor-widget-jet-banner\" data-id=\"f409759\" data-element_type=\"widget\" data-widget_type=\"jet-banner.default\">\n\t\t\t\t<div class=\"elementor-widget-container\">\n\t\t\t\t\t<div class=\"elementor-jet-banner jet-elements\"><figure class=\"jet-banner jet-effect-sarah\"><a href=\"https:\/\/dev.in-ua.top\/kultury\/czukrovyj-buryak\/\" class=\"jet-banner__link\"><div class=\"jet-banner__overlay\"><\/div><img decoding=\"async\" src=\"https:\/\/dev.in-ua.top\/wp-content\/uploads\/buryaky.jpg\" alt=\"\u0411\u0443\u0440\u044f\u043a\u0438\" width=\"100%\" height=\"100%\" class=\"jet-banner__img\"><figcaption class=\"jet-banner__content\"><div class=\"jet-banner__content-wrap\"><h5 class=\"jet-banner__title\">Sfecl\u0103 de zah\u0103r<\/h5><div class=\"jet-banner__text\">Recenzie<\/div><\/div><\/figcaption><\/a><\/figure>\n<\/div>\t\t\t\t<\/div>\n\t\t\t\t<\/div>\n\t\t\t\t<div class=\"elementor-element elementor-element-5c995cf elementor-widget elementor-widget-jet-banner\" data-id=\"5c995cf\" data-element_type=\"widget\" data-widget_type=\"jet-banner.default\">\n\t\t\t\t<div class=\"elementor-widget-container\">\n\t\t\t\t\t<div class=\"elementor-jet-banner jet-elements\"><figure class=\"jet-banner jet-effect-sarah\"><a href=\"https:\/\/dev.in-ua.top\/kultury\/kartoplya\/\" class=\"jet-banner__link\"><div class=\"jet-banner__overlay\"><\/div><img decoding=\"async\" src=\"https:\/\/dev.in-ua.top\/wp-content\/uploads\/kartoplya.jpg\" alt=\"\u041a\u0430\u0440\u0442\u043e\u043f\u043b\u044f\" width=\"100%\" height=\"100%\" class=\"jet-banner__img\"><figcaption class=\"jet-banner__content\"><div class=\"jet-banner__content-wrap\"><h5 class=\"jet-banner__title\">Cartof<\/h5><div class=\"jet-banner__text\">Recenzie<\/div><\/div><\/figcaption><\/a><\/figure>\n<\/div>\t\t\t\t<\/div>\n\t\t\t\t<\/div>\n\t\t\t\t<div class=\"elementor-element elementor-element-2daa3b0 elementor-widget elementor-widget-jet-banner\" data-id=\"2daa3b0\" data-element_type=\"widget\" data-widget_type=\"jet-banner.default\">\n\t\t\t\t<div class=\"elementor-widget-container\">\n\t\t\t\t\t<div class=\"elementor-jet-banner jet-elements\"><figure class=\"jet-banner jet-effect-sarah\"><a href=\"https:\/\/dev.in-ua.top\/kultury\/pomidory\/\" class=\"jet-banner__link\"><div class=\"jet-banner__overlay\"><\/div><img decoding=\"async\" src=\"https:\/\/dev.in-ua.top\/wp-content\/uploads\/pomidory.jpg\" alt=\"\u041f\u043e\u043c\u0456\u0434\u043e\u0440\u0438\" width=\"100%\" height=\"100%\" class=\"jet-banner__img\"><figcaption class=\"jet-banner__content\"><div class=\"jet-banner__content-wrap\"><h5 class=\"jet-banner__title\">Ro\u0219ii<\/h5><div class=\"jet-banner__text\">Recenzie<\/div><\/div><\/figcaption><\/a><\/figure>\n<\/div>\t\t\t\t<\/div>\n\t\t\t\t<\/div>\n\t\t\t\t\t<\/div>\n\t\t<\/div>\n\t\t\t\t<div class=\"elementor-column elementor-col-25 elementor-top-column elementor-element elementor-element-77cd060\" data-id=\"77cd060\" data-element_type=\"column\">\n\t\t\t<div class=\"elementor-widget-wrap elementor-element-populated\">\n\t\t\t\t\t\t<div class=\"elementor-element elementor-element-bfa1a5c elementor-widget-tablet__width-initial elementor-widget-mobile__width-inherit elementor-widget elementor-widget-jet-banner\" data-id=\"bfa1a5c\" data-element_type=\"widget\" data-widget_type=\"jet-banner.default\">\n\t\t\t\t<div class=\"elementor-widget-container\">\n\t\t\t\t\t<div class=\"elementor-jet-banner jet-elements\"><figure class=\"jet-banner jet-effect-sarah\"><a href=\"https:\/\/dev.in-ua.top\/kultury\/kukurudza\/\" class=\"jet-banner__link\"><div class=\"jet-banner__overlay\"><\/div><img decoding=\"async\" src=\"https:\/\/dev.in-ua.top\/wp-content\/uploads\/corn-cob.jpg\" alt=\"corn cob\" width=\"100%\" height=\"100%\" class=\"jet-banner__img\"><figcaption class=\"jet-banner__content\"><div class=\"jet-banner__content-wrap\"><h5 class=\"jet-banner__title\">Porumb<\/h5><div class=\"jet-banner__text\">Recenzie<\/div><\/div><\/figcaption><\/a><\/figure>\n<\/div>\t\t\t\t<\/div>\n\t\t\t\t<\/div>\n\t\t\t\t<div class=\"elementor-element elementor-element-c567a81 elementor-widget-tablet__width-initial elementor-widget-mobile__width-inherit elementor-widget elementor-widget-jet-banner\" data-id=\"c567a81\" data-element_type=\"widget\" data-widget_type=\"jet-banner.default\">\n\t\t\t\t<div class=\"elementor-widget-container\">\n\t\t\t\t\t<div class=\"elementor-jet-banner jet-elements\"><figure class=\"jet-banner jet-effect-sarah\"><a href=\"https:\/\/dev.in-ua.top\/kultury\/bavovnyk\/\" class=\"jet-banner__link\"><div class=\"jet-banner__overlay\"><\/div><img decoding=\"async\" src=\"https:\/\/dev.in-ua.top\/wp-content\/uploads\/cotton-for-days-.jpg\" alt=\"Cotton for days.\" width=\"100%\" height=\"100%\" class=\"jet-banner__img\"><figcaption class=\"jet-banner__content\"><div class=\"jet-banner__content-wrap\"><h5 class=\"jet-banner__title\">Bumbac<\/h5><div class=\"jet-banner__text\">Recenzie<\/div><\/div><\/figcaption><\/a><\/figure>\n<\/div>\t\t\t\t<\/div>\n\t\t\t\t<\/div>\n\t\t\t\t<div class=\"elementor-element elementor-element-d200ff5 elementor-widget-tablet__width-initial elementor-widget-mobile__width-inherit elementor-widget elementor-widget-jet-banner\" data-id=\"d200ff5\" data-element_type=\"widget\" data-widget_type=\"jet-banner.default\">\n\t\t\t\t<div class=\"elementor-widget-container\">\n\t\t\t\t\t<div class=\"elementor-jet-banner jet-elements\"><figure class=\"jet-banner jet-effect-sarah\"><a href=\"https:\/\/dev.in-ua.top\/kultury\/kapusta\/\" class=\"jet-banner__link\"><div class=\"jet-banner__overlay\"><\/div><img decoding=\"async\" src=\"https:\/\/dev.in-ua.top\/wp-content\/uploads\/kapusta.jpg\" alt=\"\u041a\u0430\u043f\u0443\u0441\u0442\u0430\" width=\"100%\" height=\"100%\" class=\"jet-banner__img\"><figcaption class=\"jet-banner__content\"><div class=\"jet-banner__content-wrap\"><h5 class=\"jet-banner__title\">Varz\u0103<\/h5><div class=\"jet-banner__text\">Recenzie<\/div><\/div><\/figcaption><\/a><\/figure>\n<\/div>\t\t\t\t<\/div>\n\t\t\t\t<\/div>\n\t\t\t\t\t<\/div>\n\t\t<\/div>\n\t\t\t\t\t<\/div>\n\t\t<\/section>\n\t\t\t\t<section class=\"elementor-section elementor-top-section elementor-element elementor-element-e12cf9b elementor-section-boxed elementor-section-height-default elementor-section-height-default\" data-id=\"e12cf9b\" data-element_type=\"section\" data-settings=\"{&quot;background_background&quot;:&quot;slideshow&quot;,&quot;jet_parallax_layout_list&quot;:[],&quot;background_slideshow_gallery&quot;:[{&quot;id&quot;:4780,&quot;url&quot;:&quot;https:\\\/\\\/dev.in-ua.top\\\/wp-content\\\/uploads\\\/6-1.jpg&quot;},{&quot;id&quot;:4781,&quot;url&quot;:&quot;https:\\\/\\\/dev.in-ua.top\\\/wp-content\\\/uploads\\\/7-1.jpg&quot;},{&quot;id&quot;:4782,&quot;url&quot;:&quot;https:\\\/\\\/dev.in-ua.top\\\/wp-content\\\/uploads\\\/8.jpg&quot;},{&quot;id&quot;:4783,&quot;url&quot;:&quot;https:\\\/\\\/dev.in-ua.top\\\/wp-content\\\/uploads\\\/9.jpg&quot;},{&quot;id&quot;:4784,&quot;url&quot;:&quot;https:\\\/\\\/dev.in-ua.top\\\/wp-content\\\/uploads\\\/10.jpg&quot;},{&quot;id&quot;:4785,&quot;url&quot;:&quot;https:\\\/\\\/dev.in-ua.top\\\/wp-content\\\/uploads\\\/11.jpg&quot;}],&quot;background_slideshow_loop&quot;:&quot;yes&quot;,&quot;background_slideshow_slide_duration&quot;:5000,&quot;background_slideshow_slide_transition&quot;:&quot;fade&quot;,&quot;background_slideshow_transition_duration&quot;:500}\">\n\t\t\t\t\t\t\t<div class=\"elementor-background-overlay\"><\/div>\n\t\t\t\t\t\t\t<div class=\"elementor-container elementor-column-gap-no\">\n\t\t\t\t\t<div class=\"elementor-column elementor-col-100 elementor-top-column elementor-element elementor-element-20c7bc1\" data-id=\"20c7bc1\" data-element_type=\"column\">\n\t\t\t<div class=\"elementor-widget-wrap elementor-element-populated\">\n\t\t\t\t\t\t<div class=\"elementor-element elementor-element-51c46d2 elementor-widget elementor-widget-heading\" data-id=\"51c46d2\" data-element_type=\"widget\" data-widget_type=\"heading.default\">\n\t\t\t\t<div class=\"elementor-widget-container\">\n\t\t\t\t\t<h2 class=\"elementor-heading-title elementor-size-default\">Vrei s\u0103 ob\u021bii mai mult profit din fiecare hectar?<\/h2>\t\t\t\t<\/div>\n\t\t\t\t<\/div>\n\t\t\t\t<div class=\"elementor-element elementor-element-284eaab elementor-widget elementor-widget-text-editor\" data-id=\"284eaab\" data-element_type=\"widget\" data-widget_type=\"text-editor.default\">\n\t\t\t\t<div class=\"elementor-widget-container\">\n\t\t\t\t\t\t\t\t\t<p>Vom efectua diagnostice agrochimice ale c\u00e2mpului dumneavoastr\u0103. Vom selecta tipurile \u0219i formele necesare de \u00eengr\u0103\u0219\u0103minte minerale \u0219i vom elabora recomand\u0103ri pentru utilizarea acestora. Vom optimiza sistemul de fertilizare pentru a ob\u021bine un profit maxim.  <\/p>\t\t\t\t\t\t\t\t<\/div>\n\t\t\t\t<\/div>\n\t\t\t\t<div class=\"elementor-element elementor-element-7df2f20 elementor-tablet-align-center elementor-widget elementor-widget-button\" data-id=\"7df2f20\" data-element_type=\"widget\" data-widget_type=\"button.default\">\n\t\t\t\t<div class=\"elementor-widget-container\">\n\t\t\t\t\t\t\t\t\t<div class=\"elementor-button-wrapper\">\n\t\t\t\t\t<a class=\"elementor-button elementor-button-link elementor-size-sm\" href=\"#elementor-action%3Aaction%3Dpopup%3Aopen%26settings%3DeyJpZCI6NzcyMCwidG9nZ2xlIjpmYWxzZX0%3D\">\n\t\t\t\t\t\t<span class=\"elementor-button-content-wrapper\">\n\t\t\t\t\t\t\t\t\t<span class=\"elementor-button-text\">Ob\u021bine\u021bi o consulta\u021bie<\/span>\n\t\t\t\t\t<\/span>\n\t\t\t\t\t<\/a>\n\t\t\t\t<\/div>\n\t\t\t\t\t\t\t\t<\/div>\n\t\t\t\t<\/div>\n\t\t\t\t\t<\/div>\n\t\t<\/div>\n\t\t\t\t\t<\/div>\n\t\t<\/section>\n\t\t\t\t<\/div>\n\t\t","protected":false},"excerpt":{"rendered":"<p>Culturi de cereale Recenzie Soia \u0219i leguminoase Recenzie Struguri Recenzie Rapi\u021b\u0103 de iarn\u0103 Recenzie Floarea-soarelui Recenzie M\u0103r Recenzie Sfecl\u0103 de zah\u0103r Recenzie Cartof Recenzie Ro\u0219ii Recenzie Porumb Recenzie Bumbac Recenzie Varz\u0103 Recenzie Vrei s\u0103 ob\u021bii mai mult profit din fiecare hectar? Vom efectua diagnostice agrochimice ale c\u00e2mpului dumneavoastr\u0103. Vom selecta tipurile \u0219i formele necesare de [&hellip;]<\/p>\n","protected":false},"author":2,"featured_media":0,"parent":0,"menu_order":0,"comment_status":"closed","ping_status":"closed","template":"elementor_header_footer","meta":{"_seopress_robots_primary_cat":"","_seopress_titles_title":"","_seopress_titles_desc":"","_seopress_robots_index":"","site-sidebar-layout":"no-sidebar","site-content-layout":"page-builder","ast-site-content-layout":"default","site-content-style":"default","site-sidebar-style":"default","ast-global-header-display":"","ast-banner-title-visibility":"","ast-main-header-display":"","ast-hfb-above-header-display":"","ast-hfb-below-header-display":"","ast-hfb-mobile-header-display":"","site-post-title":"disabled","ast-breadcrumbs-content":"","ast-featured-img":"disabled","footer-sml-layout":"","ast-disable-related-posts":"","theme-transparent-header-meta":"","adv-header-id-meta":"","stick-header-meta":"","header-above-stick-meta":"","header-main-stick-meta":"","header-below-stick-meta":"","astra-migrate-meta-layouts":"default","ast-page-background-enabled":"default","ast-page-background-meta":{"desktop":{"background-color":"","background-image":"","background-repeat":"repeat","background-position":"center center","background-size":"auto","background-attachment":"scroll","background-type":"","background-media":"","overlay-type":"","overlay-color":"","overlay-opacity":"","overlay-gradient":""},"tablet":{"background-color":"","background-image":"","background-repeat":"repeat","background-position":"center center","background-size":"auto","background-attachment":"scroll","background-type":"","background-media":"","overlay-type":"","overlay-color":"","overlay-opacity":"","overlay-gradient":""},"mobile":{"background-color":"","background-image":"","background-repeat":"repeat","background-position":"center center","background-size":"auto","background-attachment":"scroll","background-type":"","background-media":"","overlay-type":"","overlay-color":"","overlay-opacity":"","overlay-gradient":""}},"ast-content-background-meta":{"desktop":{"background-color":"var(--ast-global-color-5)","background-image":"","background-repeat":"repeat","background-position":"center center","background-size":"auto","background-attachment":"scroll","background-type":"","background-media":"","overlay-type":"","overlay-color":"","overlay-opacity":"","overlay-gradient":""},"tablet":{"background-color":"var(--ast-global-color-5)","background-image":"","background-repeat":"repeat","background-position":"center center","background-size":"auto","background-attachment":"scroll","background-type":"","background-media":"","overlay-type":"","overlay-color":"","overlay-opacity":"","overlay-gradient":""},"mobile":{"background-color":"var(--ast-global-color-5)","background-image":"","background-repeat":"repeat","background-position":"center center","background-size":"auto","background-attachment":"scroll","background-type":"","background-media":"","overlay-type":"","overlay-color":"","overlay-opacity":"","overlay-gradient":""}},"footnotes":""},"hf_cat_page":[13],"class_list":["post-7596","page","type-page","status-publish","hentry"],"_links":{"self":[{"href":"https:\/\/dev.in-ua.top\/ro\/wp-json\/wp\/v2\/pages\/7596","targetHints":{"allow":["GET"]}}],"collection":[{"href":"https:\/\/dev.in-ua.top\/ro\/wp-json\/wp\/v2\/pages"}],"about":[{"href":"https:\/\/dev.in-ua.top\/ro\/wp-json\/wp\/v2\/types\/page"}],"author":[{"embeddable":true,"href":"https:\/\/dev.in-ua.top\/ro\/wp-json\/wp\/v2\/users\/2"}],"replies":[{"embeddable":true,"href":"https:\/\/dev.in-ua.top\/ro\/wp-json\/wp\/v2\/comments?post=7596"}],"version-history":[{"count":1,"href":"https:\/\/dev.in-ua.top\/ro\/wp-json\/wp\/v2\/pages\/7596\/revisions"}],"predecessor-version":[{"id":7599,"href":"https:\/\/dev.in-ua.top\/ro\/wp-json\/wp\/v2\/pages\/7596\/revisions\/7599"}],"wp:attachment":[{"href":"https:\/\/dev.in-ua.top\/ro\/wp-json\/wp\/v2\/media?parent=7596"}],"wp:term":[{"taxonomy":"hf_cat_page","embeddable":true,"href":"https:\/\/dev.in-ua.top\/ro\/wp-json\/wp\/v2\/hf_cat_page?post=7596"}],"curies":[{"name":"wp","href":"https:\/\/api.w.org\/{rel}","templated":true}]}}